{"id":363,"date":"2018-05-07T14:58:42","date_gmt":"2018-05-07T14:58:42","guid":{"rendered":"http:\/\/dessau.select-themes.com\/?page_id=363"},"modified":"2018-05-07T14:58:42","modified_gmt":"2018-05-07T14:58:42","slug":"category-columns","status":"publish","type":"page","link":"https:\/\/arkimade.com\/en\/category-columns\/","title":{"rendered":"Category Columns"},"content":{"rendered":"<div class=\"vc_row wpb_row vc_row-fluid vc_custom_1528884548269\" ><div class=\"wpb_column vc_column_container vc_col-sm-12\"><div class=\"vc_column-inner\"><div class=\"wpb_wrapper\"><div class=\"qodef-portfolio-mc-holder qodef-portfolio-list-holder qodef-pl-gallery-overlay qodef-portfolio-mc-5-columns\">\n\t<div class=\"qodef-mc-categories\">\n\t\t\t\t\t<h6 class=\"qodef-portfolio-mc-category\">\n\t\t\t\t\t\t\t\t\t<a itemprop=\"url\" href=\"http:\/\/dessau.select-themes.com\/portfolio-category\/buildings\/\">\n\t\t\t\t\t\t\t\tbuildings\t\t\t\t\t\t\t\t\t<\/a>\n\t\t\t\t\t\t\t<\/h6>\n\t\t\t\t\t<h6 class=\"qodef-portfolio-mc-category\">\n\t\t\t\t\t\t\t\t\t<a itemprop=\"url\" href=\"http:\/\/dessau.select-themes.com\/portfolio-category\/texture\/\">\n\t\t\t\t\t\t\t\ttexture\t\t\t\t\t\t\t\t\t<\/a>\n\t\t\t\t\t\t\t<\/h6>\n\t\t\t\t\t<h6 class=\"qodef-portfolio-mc-category\">\n\t\t\t\t\t\t\t\t\t<a itemprop=\"url\" href=\"http:\/\/dessau.select-themes.com\/portfolio-category\/interior\/\">\n\t\t\t\t\t\t\t\tinterior\t\t\t\t\t\t\t\t\t<\/a>\n\t\t\t\t\t\t\t<\/h6>\n\t\t\t\t\t<h6 class=\"qodef-portfolio-mc-category\">\n\t\t\t\t\t\t\t\t\t<a itemprop=\"url\" href=\"http:\/\/dessau.select-themes.com\/portfolio-category\/landscape\/\">\n\t\t\t\t\t\t\t\tlandscape\t\t\t\t\t\t\t\t\t<\/a>\n\t\t\t\t\t\t\t<\/h6>\n\t\t\t\t\t<h6 class=\"qodef-portfolio-mc-category\">\n\t\t\t\t\t\t\t\t\t<a itemprop=\"url\" href=\"http:\/\/dessau.select-themes.com\/portfolio-category\/other\/\">\n\t\t\t\t\t\t\t\tother\t\t\t\t\t\t\t\t\t<\/a>\n\t\t\t\t\t\t\t<\/h6>\n\t\t\t<\/div>\n\t\t\t<div class=\"qodef-pl-inner swiper-container clearfix\">\n\t\t\t<div class=\"swiper-wrapper\">\n\t\t\t\t<p class=\"qodef-pl-not-found\">Sorry, no posts matched your criteria.<\/p>\t\t\t<\/div>\n\t\t<\/div>\n\t\t\t<div class=\"qodef-pl-inner swiper-container clearfix\">\n\t\t\t<div class=\"swiper-wrapper\">\n\t\t\t\t<p class=\"qodef-pl-not-found\">Sorry, no posts matched your criteria.<\/p>\t\t\t<\/div>\n\t\t<\/div>\n\t\t\t<div class=\"qodef-pl-inner swiper-container clearfix\">\n\t\t\t<div class=\"swiper-wrapper\">\n\t\t\t\t<article class=\"qodef-pl-item swiper-slide post-6522 portfolio-item type-portfolio-item status-publish has-post-thumbnail hentry portfolio-category-villa-interior-design portfolio-tag-arkimade-tag\">\n\n\t<div class=\"qodef-pli-image\">\n\t<img loading=\"lazy\" decoding=\"async\" width=\"2560\" height=\"1699\" src=\"https:\/\/arkimade.com\/wp-content\/uploads\/2021\/09\/PS-scaled.jpg\" class=\"attachment-full size-full wp-post-image\" alt=\"\" srcset=\"https:\/\/arkimade.com\/wp-content\/uploads\/2021\/09\/PS-scaled.jpg 2560w, https:\/\/arkimade.com\/wp-content\/uploads\/2021\/09\/PS-300x199.jpg 300w, https:\/\/arkimade.com\/wp-content\/uploads\/2021\/09\/PS-1024x679.jpg 1024w, https:\/\/arkimade.com\/wp-content\/uploads\/2021\/09\/PS-768x510.jpg 768w, https:\/\/arkimade.com\/wp-content\/uploads\/2021\/09\/PS-1536x1019.jpg 1536w\" sizes=\"auto, (max-width: 2560px) 100vw, 2560px\" \/><\/div>\n\t<div class=\"qodef-pli-text-holder\">\n\t\t<div class=\"qodef-pli-text-wrapper\">\n\t\t\t<div class=\"qodef-pli-text\">\n\t\t\t\t\t<h6 itemprop=\"name\" class=\"qodef-pli-title entry-title\">\n\t\tVilla 2\t<\/h6>\n\t\t\t<\/div>\n\t\t<\/div>\n\t<\/div>\n\n\t<a itemprop=\"url\" class=\"qodef-pli-link qodef-block-drag-link\" href=\"https:\/\/arkimade.com\/en\/portfolio-item\/6522\/\" target=\"_self\"><\/a>\n<\/article><article class=\"qodef-pl-item swiper-slide post-6457 portfolio-item type-portfolio-item status-publish has-post-thumbnail hentry portfolio-category-villa-interior-design portfolio-tag-arkimade-tag\">\n\n\t<div class=\"qodef-pli-image\">\n\t<img loading=\"lazy\" decoding=\"async\" width=\"2560\" height=\"1416\" src=\"https:\/\/arkimade.com\/wp-content\/uploads\/2021\/09\/a07-scaled.jpg\" class=\"attachment-full size-full wp-post-image\" alt=\"\" srcset=\"https:\/\/arkimade.com\/wp-content\/uploads\/2021\/09\/a07-scaled.jpg 2560w, https:\/\/arkimade.com\/wp-content\/uploads\/2021\/09\/a07-300x166.jpg 300w, https:\/\/arkimade.com\/wp-content\/uploads\/2021\/09\/a07-1024x566.jpg 1024w, https:\/\/arkimade.com\/wp-content\/uploads\/2021\/09\/a07-768x425.jpg 768w, https:\/\/arkimade.com\/wp-content\/uploads\/2021\/09\/a07-1536x849.jpg 1536w\" sizes=\"auto, (max-width: 2560px) 100vw, 2560px\" \/><\/div>\n\t<div class=\"qodef-pli-text-holder\">\n\t\t<div class=\"qodef-pli-text-wrapper\">\n\t\t\t<div class=\"qodef-pli-text\">\n\t\t\t\t\t<h6 itemprop=\"name\" class=\"qodef-pli-title entry-title\">\n\t\tVilla 3\t<\/h6>\n\t\t\t<\/div>\n\t\t<\/div>\n\t<\/div>\n\n\t<a itemprop=\"url\" class=\"qodef-pli-link qodef-block-drag-link\" href=\"https:\/\/arkimade.com\/en\/portfolio-item\/6457\/\" target=\"_self\"><\/a>\n<\/article><article class=\"qodef-pl-item swiper-slide post-6244 portfolio-item type-portfolio-item status-publish has-post-thumbnail hentry portfolio-category-apartments portfolio-tag-arkimade-tag\">\n\n\t<div class=\"qodef-pli-image\">\n\t<img loading=\"lazy\" decoding=\"async\" width=\"2560\" height=\"1707\" src=\"https:\/\/arkimade.com\/wp-content\/uploads\/2021\/09\/2-15-scaled.jpg\" class=\"attachment-full size-full wp-post-image\" alt=\"\" srcset=\"https:\/\/arkimade.com\/wp-content\/uploads\/2021\/09\/2-15-scaled.jpg 2560w, https:\/\/arkimade.com\/wp-content\/uploads\/2021\/09\/2-15-300x200.jpg 300w, https:\/\/arkimade.com\/wp-content\/uploads\/2021\/09\/2-15-1024x683.jpg 1024w, https:\/\/arkimade.com\/wp-content\/uploads\/2021\/09\/2-15-768x512.jpg 768w, https:\/\/arkimade.com\/wp-content\/uploads\/2021\/09\/2-15-1536x1024.jpg 1536w\" sizes=\"auto, (max-width: 2560px) 100vw, 2560px\" \/><\/div>\n\t<div class=\"qodef-pli-text-holder\">\n\t\t<div class=\"qodef-pli-text-wrapper\">\n\t\t\t<div class=\"qodef-pli-text\">\n\t\t\t\t\t<h6 itemprop=\"name\" class=\"qodef-pli-title entry-title\">\n\t\tApartment 8\t<\/h6>\n\t\t\t<\/div>\n\t\t<\/div>\n\t<\/div>\n\n\t<a itemprop=\"url\" class=\"qodef-pli-link qodef-block-drag-link\" href=\"https:\/\/arkimade.com\/en\/portfolio-item\/6244\/\" target=\"_self\"><\/a>\n<\/article><article class=\"qodef-pl-item swiper-slide post-7196 portfolio-item type-portfolio-item status-publish has-post-thumbnail hentry portfolio-category-apartments portfolio-tag-arkimade-tag\">\n\n\t<div class=\"qodef-pli-image\">\n\t<img loading=\"lazy\" decoding=\"async\" width=\"2560\" height=\"1707\" src=\"https:\/\/arkimade.com\/wp-content\/uploads\/2021\/11\/2-1-scaled.jpg\" class=\"attachment-full size-full wp-post-image\" alt=\"\" srcset=\"https:\/\/arkimade.com\/wp-content\/uploads\/2021\/11\/2-1-scaled.jpg 2560w, https:\/\/arkimade.com\/wp-content\/uploads\/2021\/11\/2-1-300x200.jpg 300w, https:\/\/arkimade.com\/wp-content\/uploads\/2021\/11\/2-1-1024x683.jpg 1024w, https:\/\/arkimade.com\/wp-content\/uploads\/2021\/11\/2-1-768x512.jpg 768w, https:\/\/arkimade.com\/wp-content\/uploads\/2021\/11\/2-1-1536x1024.jpg 1536w, https:\/\/arkimade.com\/wp-content\/uploads\/2021\/11\/2-1-18x12.jpg 18w\" sizes=\"auto, (max-width: 2560px) 100vw, 2560px\" \/><\/div>\n\t<div class=\"qodef-pli-text-holder\">\n\t\t<div class=\"qodef-pli-text-wrapper\">\n\t\t\t<div class=\"qodef-pli-text\">\n\t\t\t\t\t<h6 itemprop=\"name\" class=\"qodef-pli-title entry-title\">\n\t\tApartamenti 22\t<\/h6>\n\t\t\t<\/div>\n\t\t<\/div>\n\t<\/div>\n\n\t<a itemprop=\"url\" class=\"qodef-pli-link qodef-block-drag-link\" href=\"https:\/\/arkimade.com\/en\/portfolio-item\/apartamenti-22\/\" target=\"_self\"><\/a>\n<\/article><article class=\"qodef-pl-item swiper-slide post-6352 portfolio-item type-portfolio-item status-publish has-post-thumbnail hentry portfolio-category-apartments portfolio-tag-arkimade-tag\">\n\n\t<div class=\"qodef-pli-image\">\n\t<img loading=\"lazy\" decoding=\"async\" width=\"2560\" height=\"1707\" src=\"https:\/\/arkimade.com\/wp-content\/uploads\/2021\/09\/1-pamja-nga-divani-1-scaled.jpg\" class=\"attachment-full size-full wp-post-image\" alt=\"\" srcset=\"https:\/\/arkimade.com\/wp-content\/uploads\/2021\/09\/1-pamja-nga-divani-1-scaled.jpg 2560w, https:\/\/arkimade.com\/wp-content\/uploads\/2021\/09\/1-pamja-nga-divani-1-300x200.jpg 300w, https:\/\/arkimade.com\/wp-content\/uploads\/2021\/09\/1-pamja-nga-divani-1-1024x683.jpg 1024w, https:\/\/arkimade.com\/wp-content\/uploads\/2021\/09\/1-pamja-nga-divani-1-768x512.jpg 768w, https:\/\/arkimade.com\/wp-content\/uploads\/2021\/09\/1-pamja-nga-divani-1-1536x1024.jpg 1536w\" sizes=\"auto, (max-width: 2560px) 100vw, 2560px\" \/><\/div>\n\t<div class=\"qodef-pli-text-holder\">\n\t\t<div class=\"qodef-pli-text-wrapper\">\n\t\t\t<div class=\"qodef-pli-text\">\n\t\t\t\t\t<h6 itemprop=\"name\" class=\"qodef-pli-title entry-title\">\n\t\tApartment 4\t<\/h6>\n\t\t\t<\/div>\n\t\t<\/div>\n\t<\/div>\n\n\t<a itemprop=\"url\" class=\"qodef-pli-link qodef-block-drag-link\" href=\"https:\/\/arkimade.com\/en\/portfolio-item\/6352\/\" target=\"_self\"><\/a>\n<\/article><article class=\"qodef-pl-item swiper-slide post-6533 portfolio-item type-portfolio-item status-publish has-post-thumbnail hentry portfolio-category-offices portfolio-tag-arkimade-tag\">\n\n\t<div class=\"qodef-pli-image\">\n\t<img loading=\"lazy\" decoding=\"async\" width=\"1212\" height=\"960\" src=\"https:\/\/arkimade.com\/wp-content\/uploads\/2021\/09\/KENDI-REKREACIONIT111.jpg\" class=\"attachment-full size-full wp-post-image\" alt=\"\" srcset=\"https:\/\/arkimade.com\/wp-content\/uploads\/2021\/09\/KENDI-REKREACIONIT111.jpg 1212w, https:\/\/arkimade.com\/wp-content\/uploads\/2021\/09\/KENDI-REKREACIONIT111-300x238.jpg 300w, https:\/\/arkimade.com\/wp-content\/uploads\/2021\/09\/KENDI-REKREACIONIT111-1024x811.jpg 1024w, https:\/\/arkimade.com\/wp-content\/uploads\/2021\/09\/KENDI-REKREACIONIT111-768x608.jpg 768w\" sizes=\"auto, (max-width: 1212px) 100vw, 1212px\" \/><\/div>\n\t<div class=\"qodef-pli-text-holder\">\n\t\t<div class=\"qodef-pli-text-wrapper\">\n\t\t\t<div class=\"qodef-pli-text\">\n\t\t\t\t\t<h6 itemprop=\"name\" class=\"qodef-pli-title entry-title\">\n\t\tOffices 4\t<\/h6>\n\t\t\t<\/div>\n\t\t<\/div>\n\t<\/div>\n\n\t<a itemprop=\"url\" class=\"qodef-pli-link qodef-block-drag-link\" href=\"https:\/\/arkimade.com\/en\/portfolio-item\/6533\/\" target=\"_self\"><\/a>\n<\/article>\t\t\t<\/div>\n\t\t<\/div>\n\t\t\t<div class=\"qodef-pl-inner swiper-container clearfix\">\n\t\t\t<div class=\"swiper-wrapper\">\n\t\t\t\t<p class=\"qodef-pl-not-found\">Sorry, no posts matched your criteria.<\/p>\t\t\t<\/div>\n\t\t<\/div>\n\t\t\t<div class=\"qodef-pl-inner swiper-container clearfix\">\n\t\t\t<div class=\"swiper-wrapper\">\n\t\t\t\t<p class=\"qodef-pl-not-found\">Sorry, no posts matched your criteria.<\/p>\t\t\t<\/div>\n\t\t<\/div>\n\t\n\t<div class=\"qodef-portfolio-mc-mobile-view\">\n\t\t<div class=\"swiper-container  qodef-portfolio-mc-mobile-container\">\n\t\t\t<div class=\"swiper-wrapper\">\n\t\t\t\t<p class=\"qodef-pl-not-found\">Sorry, no posts matched your criteria.<\/p>\t\t\t<\/div>\n\t\t<\/div>\n\t<\/div>\n<\/div><\/div><\/div><\/div><\/div>","protected":false},"excerpt":{"rendered":"Keto zyra kan\u00eb nj\u00eb sip\u00ebrfaqe prej 210 m2 dhe ndodhen n\u00eb Tiran\u00eb, n\u00eb nj\u00eb zon\u00eb me zhvillim t\u00eb ri urban. Zyrat jan\u00eb organizuar ne hapesira me funksione t\u00eb ndryshme si: holli I pritjes, recepsioni k\u00ebnd rekreacioni, salla e mbledhjeve, financa, media, kuzhina dhe ambjente ndihm\u00ebse. Ambjenti \u00ebsht\u00eb mjaft funksional, me [...]","protected":false},"author":1,"featured_media":0,"parent":0,"menu_order":0,"comment_status":"closed","ping_status":"closed","template":"full-width.php","meta":{"footnotes":""},"class_list":["post-363","page","type-page","status-publish","hentry"],"yoast_head":"<!-- This site is optimized with the Yoast SEO plugin v25.3.1 - https:\/\/yoast.com\/wordpress\/plugins\/seo\/ -->\n<title>Category Columns &#8211; Arkimade<\/title>\n<meta name=\"robots\" content=\"index, follow, max-snippet:-1, max-image-preview:large, max-video-preview:-1\" \/>\n<link rel=\"canonical\" href=\"https:\/\/arkimade.com\/en\/category-columns\/\" \/>\n<meta property=\"og:locale\" content=\"en_US\" \/>\n<meta property=\"og:type\" content=\"article\" \/>\n<meta property=\"og:title\" content=\"Category Columns &#8211; Arkimade\" \/>\n<meta property=\"og:url\" content=\"https:\/\/arkimade.com\/en\/category-columns\/\" \/>\n<meta property=\"og:site_name\" content=\"Arkimade\" \/>\n<meta name=\"twitter:card\" content=\"summary_large_image\" \/>\n<script type=\"application\/ld+json\" class=\"yoast-schema-graph\">{\"@context\":\"https:\/\/schema.org\",\"@graph\":[{\"@type\":\"WebPage\",\"@id\":\"https:\/\/arkimade.com\/category-columns\/\",\"url\":\"https:\/\/arkimade.com\/category-columns\/\",\"name\":\"Category Columns &#8211; Arkimade\",\"isPartOf\":{\"@id\":\"https:\/\/arkimade.com\/#website\"},\"datePublished\":\"2018-05-07T14:58:42+00:00\",\"breadcrumb\":{\"@id\":\"https:\/\/arkimade.com\/category-columns\/#breadcrumb\"},\"inLanguage\":\"en-US\",\"potentialAction\":[{\"@type\":\"ReadAction\",\"target\":[\"https:\/\/arkimade.com\/category-columns\/\"]}]},{\"@type\":\"BreadcrumbList\",\"@id\":\"https:\/\/arkimade.com\/category-columns\/#breadcrumb\",\"itemListElement\":[{\"@type\":\"ListItem\",\"position\":1,\"name\":\"Home\",\"item\":\"https:\/\/arkimade.com\/\"},{\"@type\":\"ListItem\",\"position\":2,\"name\":\"Category Columns\"}]},{\"@type\":\"WebSite\",\"@id\":\"https:\/\/arkimade.com\/#website\",\"url\":\"https:\/\/arkimade.com\/\",\"name\":\"Arkimade\",\"description\":\"Arkimade\",\"potentialAction\":[{\"@type\":\"SearchAction\",\"target\":{\"@type\":\"EntryPoint\",\"urlTemplate\":\"https:\/\/arkimade.com\/?s={search_term_string}\"},\"query-input\":{\"@type\":\"PropertyValueSpecification\",\"valueRequired\":true,\"valueName\":\"search_term_string\"}}],\"inLanguage\":\"en-US\"}]}<\/script>\n<!-- \/ Yoast SEO plugin. -->","yoast_head_json":{"title":"Category Columns &#8211; Arkimade","robots":{"index":"index","follow":"follow","max-snippet":"max-snippet:-1","max-image-preview":"max-image-preview:large","max-video-preview":"max-video-preview:-1"},"canonical":"https:\/\/arkimade.com\/en\/category-columns\/","og_locale":"en_US","og_type":"article","og_title":"Category Columns &#8211; Arkimade","og_url":"https:\/\/arkimade.com\/en\/category-columns\/","og_site_name":"Arkimade","twitter_card":"summary_large_image","schema":{"@context":"https:\/\/schema.org","@graph":[{"@type":"WebPage","@id":"https:\/\/arkimade.com\/category-columns\/","url":"https:\/\/arkimade.com\/category-columns\/","name":"Category Columns &#8211; Arkimade","isPartOf":{"@id":"https:\/\/arkimade.com\/#website"},"datePublished":"2018-05-07T14:58:42+00:00","breadcrumb":{"@id":"https:\/\/arkimade.com\/category-columns\/#breadcrumb"},"inLanguage":"en-US","potentialAction":[{"@type":"ReadAction","target":["https:\/\/arkimade.com\/category-columns\/"]}]},{"@type":"BreadcrumbList","@id":"https:\/\/arkimade.com\/category-columns\/#breadcrumb","itemListElement":[{"@type":"ListItem","position":1,"name":"Home","item":"https:\/\/arkimade.com\/"},{"@type":"ListItem","position":2,"name":"Category Columns"}]},{"@type":"WebSite","@id":"https:\/\/arkimade.com\/#website","url":"https:\/\/arkimade.com\/","name":"Arkimade","description":"Arkimade","potentialAction":[{"@type":"SearchAction","target":{"@type":"EntryPoint","urlTemplate":"https:\/\/arkimade.com\/?s={search_term_string}"},"query-input":{"@type":"PropertyValueSpecification","valueRequired":true,"valueName":"search_term_string"}}],"inLanguage":"en-US"}]}},"_links":{"self":[{"href":"https:\/\/arkimade.com\/en\/wp-json\/wp\/v2\/pages\/363","targetHints":{"allow":["GET"]}}],"collection":[{"href":"https:\/\/arkimade.com\/en\/wp-json\/wp\/v2\/pages"}],"about":[{"href":"https:\/\/arkimade.com\/en\/wp-json\/wp\/v2\/types\/page"}],"author":[{"embeddable":true,"href":"https:\/\/arkimade.com\/en\/wp-json\/wp\/v2\/users\/1"}],"replies":[{"embeddable":true,"href":"https:\/\/arkimade.com\/en\/wp-json\/wp\/v2\/comments?post=363"}],"version-history":[{"count":0,"href":"https:\/\/arkimade.com\/en\/wp-json\/wp\/v2\/pages\/363\/revisions"}],"wp:attachment":[{"href":"https:\/\/arkimade.com\/en\/wp-json\/wp\/v2\/media?parent=363"}],"curies":[{"name":"wp","href":"https:\/\/api.w.org\/{rel}","templated":true}]}}